{"id":10,"date":"2025-05-02T14:27:34","date_gmt":"2025-05-02T12:27:34","guid":{"rendered":"https:\/\/movestage.hu\/?page_id=10"},"modified":"2025-05-13T09:48:28","modified_gmt":"2025-05-13T07:48:28","slug":"rolunk","status":"publish","type":"page","link":"https:\/\/movestage.hu\/?page_id=10","title":{"rendered":"R\u00f3lunk"},"content":{"rendered":"\n<h2 class=\"wp-block-heading\">Tudnival\u00f3k sz\u00ednpadunkr\u00f3l:<\/h2>\n\n\n\n<p>Professzion\u00e1lis sz\u00ednpad rendezv\u00e9nyekre, falunapokra, fesztiv\u00e1lokra.<\/p>\n\n\n\n<p>A helysz\u00ednen gyorsan telep\u00edthet\u0151, \u00e9s ut\u00e1na fix sz\u00ednpadk\u00e9nt funkcion\u00e1l.<\/p>\n\n\n\n<p>Tartozik sz\u00ednpadunkhoz f\u00e9nytechnika (30 db par l\u00e1mpa).<\/p>\n\n\n\n<p>( F\u00fcst, l\u00e1tv\u00e1nytechnika, hangtechnika, nagyobb f\u00e9nytechnika, ig\u00e9ny eset\u00e9n megegyez\u00e9s alapj\u00e1n k\u00e9rhet\u0151.)<\/p>\n\n\n\n<p>M\u00e9rete : 6 m\u00e9ter X 8 m\u00e9ter<\/p>\n","protected":false},"excerpt":{"rendered":"<p>Tudnival\u00f3k sz\u00ednpadunkr\u00f3l: Professzion\u00e1lis sz\u00ednpad rendezv\u00e9nyekre, falunapokra, fesztiv\u00e1lokra. A helysz\u00ednen gyorsan telep\u00edthet\u0151, \u00e9s ut\u00e1na fix sz\u00ednpadk\u00e9nt funkcion\u00e1l. Tartozik sz\u00ednpadunkhoz f\u00e9nytechnika (30 db par l\u00e1mpa). ( F\u00fcst, l\u00e1tv\u00e1nytechnika, hangtechnika, nagyobb f\u00e9nytechnika, ig\u00e9ny eset\u00e9n megegyez\u00e9s alapj\u00e1n k\u00e9rhet\u0151.) M\u00e9rete : 6 m\u00e9ter X 8 m\u00e9ter<\/p>\n","protected":false},"author":1,"featured_media":0,"parent":0,"menu_order":0,"comment_status":"closed","ping_status":"closed","template":"","meta":{"footnotes":""},"class_list":["post-10","page","type-page","status-publish","hentry"],"_links":{"self":[{"href":"https:\/\/movestage.hu\/index.php?rest_route=\/wp\/v2\/pages\/10","targetHints":{"allow":["GET"]}}],"collection":[{"href":"https:\/\/movestage.hu\/index.php?rest_route=\/wp\/v2\/pages"}],"about":[{"href":"https:\/\/movestage.hu\/index.php?rest_route=\/wp\/v2\/types\/page"}],"author":[{"embeddable":true,"href":"https:\/\/movestage.hu\/index.php?rest_route=\/wp\/v2\/users\/1"}],"replies":[{"embeddable":true,"href":"https:\/\/movestage.hu\/index.php?rest_route=%2Fwp%2Fv2%2Fcomments&post=10"}],"version-history":[{"count":2,"href":"https:\/\/movestage.hu\/index.php?rest_route=\/wp\/v2\/pages\/10\/revisions"}],"predecessor-version":[{"id":75,"href":"https:\/\/movestage.hu\/index.php?rest_route=\/wp\/v2\/pages\/10\/revisions\/75"}],"wp:attachment":[{"href":"https:\/\/movestage.hu\/index.php?rest_route=%2Fwp%2Fv2%2Fmedia&parent=10"}],"curies":[{"name":"wp","href":"https:\/\/api.w.org\/{rel}","templated":true}]}}